{"id":2,"date":"2025-05-14T17:14:12","date_gmt":"2025-05-14T15:14:12","guid":{"rendered":"https:\/\/www.kmsisolering.se\/?page_id=2"},"modified":"2025-06-17T06:31:49","modified_gmt":"2025-06-17T04:31:49","slug":"exempelsida","status":"publish","type":"page","link":"https:\/\/www.kmsisolering.se\/","title":{"rendered":""},"content":{"rendered":"\n<h2 class=\"wp-block-heading\">Brandt\u00e4tningar &amp; Ljudt\u00e4tningar<\/h2>\n\n\n\n<p>Brandt\u00e4tning utf\u00f6rs f\u00f6r att eld och r\u00f6k inte ska spridas vid brand. Det inneb\u00e4r att ytor kring genomf\u00f6ringar samt h\u00e5l, t\u00e4tas i aktuella brandcellsv\u00e4ggar. Spridningen av branden kan d\u00e4rigenom begr\u00e4nsas till ett mindre utrymme och ge v\u00e4rdefull tid till brandbek\u00e4mpande \u00e5tg\u00e4rder.<\/p>\n\n\n\n<h2 class=\"wp-block-heading\">Ventilationsisolering<\/h2>\n\n\n\n<p>Man kan dela in ventilationsisolering i fyra grupper:<br><br><strong>V\u00e4rmeisolering<\/strong>&nbsp;f\u00f6r att begr\u00e4nsa energif\u00f6rlusten fr\u00e5n kanalen.<br><strong>Kondensisolering<\/strong>&nbsp;f\u00f6r att f\u00f6rhindra kondens p\u00e5 eller i kanalen.<br><strong>Brandisolering<\/strong>&nbsp;f\u00f6r att f\u00f6rhindra brandspridning. N\u00e4r en kanal bryter en brandcell finns risk att branden sprids via kanalen. Man isolerar kanalen med en brandmatta som t\u00e5l h\u00f6ga temperaturer.<br><strong>Ljudisolering<\/strong>&nbsp;f\u00f6r att ventilationskanalen inte skall f\u00f6ra massa ljud och buller. Med inv\u00e4ndig isolering i kanalen kan man effektivt absorbera st\u00f6rande buller fr\u00e5n fl\u00e4ktar och spj\u00e4ll<\/p>\n\n\n\n<p>Polyuretan Isolering (Kylisolering)<\/p>\n\n\n\n<p>Vi utf\u00f6r \u00e4ven isolering med polyuretan<\/p>\n\n\n\n<h2 class=\"wp-block-heading\">Karakt\u00e4rsdrag hos Polyuretan<\/h2>\n\n\n\n<p>Polyuretanskum har en h\u00f6g lastkapacitet och \u00e4r samtidigt flexibelt. Produktens efters\u00f6kta egenskaper uppn\u00e5r man genom justeringar i tillverkningsprocessen. Polyuretanskum kan enkelt tv\u00e4ttas eller desinficeras.<\/p>\n\n\n\n<p>Bra isoleringsf\u00f6rm\u00e5ga, t\u00e4thet, styrka och elasticitet<\/p>\n\n\n\n<p>Vattent\u00e4t &#8211; Fysiologiskt neutralt polyuretanskum anses s\u00e4kert ur en toxisk synvinkel. Polyuretanskum \u00e4r resistent mot syra, alkaliska l\u00f6sningar och fukt. Ut\u00f6ver detta bidrar dess struktur med slutna celler till att kompensera temperaturskillnader.<\/p>\n\n\n\n<p>Milj\u00f6v\u00e4nligt &#8211; Polyuretanskum \u00e4r helt fri fr\u00e5n CFC (freoner), tungmetaller och AZO-f\u00e4rger<\/p>\n\n\n\n<p>Sprutisolering med Polyuretan anv\u00e4nds i temperaturomr\u00e5den mellan \u2013 40 C och + 100 C, volymvikter mellan 30 \u2013 70 kg\/m3.<\/p>\n\n\n\n<h2 class=\"wp-block-heading\">R\u00f6risolering<\/h2>\n\n\n\n<p>Eftersom varmt eller kallt vatten har en ganska l\u00e5ng v\u00e4g att resa genom en byggnad s\u00e5 \u00e4r det avg\u00f6rande att det bibeh\u00e5ller den \u00f6nskade temperaturen s\u00e5 mycket som m\u00f6jligt<\/p>\n\n\n\n<p>R\u00e4tt utf\u00f6rd teknisk isolering \u00e4r en mycket viktig del f\u00f6r att en byggnad eller anl\u00e4ggning ska f\u00e5 optimal energiprestanda. Genom att isolera med modern tjock isolering kan energif\u00f6rlusterna minskas med s\u00e5 mycket som 85 procent j\u00e4mf\u00f6rt med ett helt oisolerat r\u00f6r.<\/p>\n\n\n\n<p><strong>R\u00f6rm\u00e4rkning<\/strong><\/p>\n\n\n\n<p>R\u00f6rm\u00e4rkning utf\u00f6res f\u00f6r att veta vad r\u00f6ren \u00e4r till f\u00f6r och&nbsp;fl\u00f6desriktning.<\/p>\n\n\n\n<p><strong>Industri<\/strong><\/p>\n\n\n\n<p>Sedan v\u00e5ren 2025 utf\u00f6r vi underh\u00e5llsarbete med b\u00e5de isolerings och pl\u00e5tarbete till \u00d6resundkraft p\u00e5 deras 3 v\u00e4rmeverk<\/p>\n\n\n\n<p>V\u00e4sthamnsverket, \u00c5kerlundsverket och Filbornaverket.<\/p>\n\n\n\n<p><strong>Pl\u00e5tbekl\u00e4dnad<\/strong><\/p>\n\n\n\n<p>Att kl\u00e4 in r\u00f6r\/ventilationskanaler som \u00e4r isolerade utomhus med pl\u00e5t \u00e4r viktigt d\u00e5 det skyddar isoleringen mot v\u00e4der och vind.<\/p>\n\n\n\n<h2 class=\"wp-block-heading\">Kvalitet &amp; Milj\u00f6<\/h2>\n\n\n\n<p><strong>Isolering \u00e4r en nyckel till l\u00f6sningen<\/strong><\/p>\n\n\n\n<p>De p\u00e5g\u00e5ende och kommande klimatf\u00f6r\u00e4ndringarna st\u00e4ller nya krav p\u00e5 bygg-, installations-, och fastighetsbranschen. Bygghandlarnas roll f\u00f6r \u00f6kad h\u00e5llbarhet \u00f6kar eftersom den b\u00e4sta energin \u00e4r den som inte anv\u00e4nds. Genom att energirenovera och till\u00e4ggsisolera din fastighet minskar energibehovet. Och just minskat energibehov \u00e4r en viktig utg\u00e5ngspunkt n\u00e4r det g\u00e4ller att n\u00e5 klimatm\u00e5len.<\/p>\n\n\n\n<figure class=\"wp-block-image aligncenter size-full\"><img fetchpriority=\"high\" decoding=\"async\" width=\"603\" height=\"312\" src=\"https:\/\/www.kmsisolering.se\/wp-content\/uploads\/2025\/06\/kms_bild_1.jpg\" alt=\"\" class=\"wp-image-23\" srcset=\"https:\/\/www.kmsisolering.se\/wp-content\/uploads\/2025\/06\/kms_bild_1.jpg 603w, https:\/\/www.kmsisolering.se\/wp-content\/uploads\/2025\/06\/kms_bild_1-300x155.jpg 300w\" sizes=\"(max-width: 603px) 100vw, 603px\" \/><\/figure>\n\n\n\n<h2 class=\"wp-block-heading\">H\u00e5llbarhet<\/h2>\n\n\n\n<p>Kms Pl\u00e5t &amp; Isolering str\u00e4var st\u00e4ndigt efter att vara en f\u00f6reg\u00e5ngare inom energieffektivisering, med en tydlig inriktning p\u00e5 att erbjuda l\u00f6sningar som inte bara gynnar v\u00e5ra kunder ekonomiskt utan \u00e4ven har positiv inverkan p\u00e5 milj\u00f6n. Genom v\u00e5ra tj\u00e4nster minimerar vi energif\u00f6rluster och skapar samtidigt m\u00f6jligheter f\u00f6r betydande besparingar.<\/p>\n\n\n\n<h2 class=\"wp-block-heading\">V\u00e5rt ansvar<\/h2>\n\n\n\n<p>Vi spelar en nyckelroll i att att optimera energif\u00f6rbrukningen i bygg- och industrisektorn och \u00e4ven i att minska \u00f6vergripande milj\u00f6p\u00e5verkan. V\u00e5ra \u00e5tg\u00e4rder inneb\u00e4r inte bara en mer h\u00e5llbar framtid, utan resulterar ocks\u00e5 i betydande kostnadsbesparingar f\u00f6r v\u00e5ra kunder. Kms Pl\u00e5t &amp; Isolerings engagemang f\u00f6r energieffektivisering str\u00e4cker sig bortom ekonomiska f\u00f6rdelar och \u00e4r en investering i en gr\u00f6nare v\u00e4rld.<\/p>\n\n\n\n<h2 class=\"wp-block-heading\">Vi hj\u00e4lper er bli gr\u00f6nare<\/h2>\n\n\n\n<p>Med hj\u00e4lp av teknisk isolering och energieffektivisering kan stora milj\u00f6vinster genereras. Kontakta oss s\u00e5 ber\u00e4ttar vi mer om vad vi kan g\u00f6ra f\u00f6r just er organisation.<\/p>\n\n\n\n<h2 class=\"wp-block-heading\">Leverant\u00f6rer<\/h2>\n\n\n\n<p>Bevego<\/p>\n\n\n\n<p>Ahlsell<\/p>\n\n\n\n<p>Lindab<\/p>\n\n\n\n<p>Isopartner<\/p>\n\n\n\n<h2 class=\"wp-block-heading\">Kontakt<\/h2>\n\n\n\n<p>Kenny Svensson<\/p>\n\n\n\n<p><a href=\"Tel:0709-907093\">Tel:0709-907093<\/a><\/p>\n\n\n\n<p>Mejl: <a href=\"mailto:Kenny@kmsisolering.se\">Kenny@kmsisolering.se<\/a><\/p>\n\n\n\n<hr class=\"wp-block-separator has-alpha-channel-opacity\"\/>\n\n\n\n<p>David Mackintosch<\/p>\n\n\n\n<p>Tel: 0733-783551<\/p>\n\n\n\n<p>Mejl: <a href=\"mailto:Davy@kmsisolering.se\">Davy@kmsisolering.se<\/a><\/p>\n\n\n\n<hr class=\"wp-block-separator has-alpha-channel-opacity\"\/>\n\n\n\n<p><strong>\u00d6vriga fr\u00e5gor<\/strong><\/p>\n\n\n\n<p><a href=\"mailto:Info@kmsisolering.se\">Info@kmsisolering.se<\/a><\/p>\n\n\n\n<hr class=\"wp-block-separator has-alpha-channel-opacity\"\/>\n\n\n\n<p>Orgnr: 559509-0803<\/p>\n\n\n\n<p>Innehar F-skatt<\/p>\n\n\n\n<p>Ansvarsf\u00f6rs\u00e4kring<\/p>\n\n\n\n<p><\/p>\n","protected":false},"excerpt":{"rendered":"<p>Brandt\u00e4tningar &amp; Ljudt\u00e4tningar Brandt\u00e4tning utf\u00f6rs f\u00f6r att eld och r\u00f6k inte ska spridas vid brand. Det inneb\u00e4r att ytor kring genomf\u00f6ringar samt h\u00e5l, t\u00e4tas i aktuella brandcellsv\u00e4ggar. Spridningen av branden kan d\u00e4rigenom begr\u00e4nsas till ett mindre utrymme och ge v\u00e4rdefull tid till brandbek\u00e4mpande \u00e5tg\u00e4rder. Ventilationsisolering Man kan dela in ventilationsisolering i fyra grupper: V\u00e4rmeisolering&nbsp;f\u00f6r att [&hellip;]<\/p>\n","protected":false},"author":1,"featured_media":13,"parent":0,"menu_order":0,"comment_status":"closed","ping_status":"open","template":"elementor_theme","meta":{"footnotes":""},"class_list":["post-2","page","type-page","status-publish","has-post-thumbnail","hentry"],"_links":{"self":[{"href":"https:\/\/www.kmsisolering.se\/index.php\/wp-json\/wp\/v2\/pages\/2","targetHints":{"allow":["GET"]}}],"collection":[{"href":"https:\/\/www.kmsisolering.se\/index.php\/wp-json\/wp\/v2\/pages"}],"about":[{"href":"https:\/\/www.kmsisolering.se\/index.php\/wp-json\/wp\/v2\/types\/page"}],"author":[{"embeddable":true,"href":"https:\/\/www.kmsisolering.se\/index.php\/wp-json\/wp\/v2\/users\/1"}],"replies":[{"embeddable":true,"href":"https:\/\/www.kmsisolering.se\/index.php\/wp-json\/wp\/v2\/comments?post=2"}],"version-history":[{"count":9,"href":"https:\/\/www.kmsisolering.se\/index.php\/wp-json\/wp\/v2\/pages\/2\/revisions"}],"predecessor-version":[{"id":32,"href":"https:\/\/www.kmsisolering.se\/index.php\/wp-json\/wp\/v2\/pages\/2\/revisions\/32"}],"wp:featuredmedia":[{"embeddable":true,"href":"https:\/\/www.kmsisolering.se\/index.php\/wp-json\/wp\/v2\/media\/13"}],"wp:attachment":[{"href":"https:\/\/www.kmsisolering.se\/index.php\/wp-json\/wp\/v2\/media?parent=2"}],"curies":[{"name":"wp","href":"https:\/\/api.w.org\/{rel}","templated":true}]}}